{"id":407,"date":"2025-04-30T08:08:02","date_gmt":"2025-04-30T08:08:02","guid":{"rendered":"https:\/\/tjil-design-studio.com\/?post_type=product&#038;p=407"},"modified":"2025-08-30T18:33:41","modified_gmt":"2025-08-30T18:33:41","slug":"melapus","status":"publish","type":"product","link":"https:\/\/tjil-design-studio.com\/en\/product\/melapus\/","title":{"rendered":"\"MELAPUS\""},"content":{"rendered":"<p class=\"p1\"><span style=\"font-size: 36px;\"><strong>LICHT IN SEINER NAT\u00dcRLICHSTEN FORM.<\/strong><\/span><\/p>\r\n<p class=\"p3\"><span style=\"font-size: 20px;\">Die Leuchten von <strong>tjil design<\/strong> vereinen zeitlose Eleganz mit der nat\u00fcrlichen Sch\u00f6nheit organischer Formen.<\/span><\/p>\r\n<p class=\"p3\"><span style=\"font-size: 20px;\">Jede handgefertigte Wandleuchte entsteht mit viel Liebe zum Detail \u2013 als harmonisches Zusammenspiel von traditionellem Handwerk und modernem Design.<\/span><\/p>\r\n<p class=\"p3\"><span style=\"font-size: 20px;\">Inspiriert von den flie\u00dfenden Bewegungen und sanften Formen der im Meer lebenden Muscheln, schaffen diese Wandlampen ein warmes, einladendes Ambiente und verleihen jedem Raum eine besondere Tiefe<\/span><\/p>\r\n<p class=\"p3\"><span style=\"font-size: 20px;\">\u2013 zur\u00fcckhaltend, aber voller Charakter.<\/span><\/p>\r\n<span style=\"font-size: 20px;\">\r\nOb f\u00fcr das eigene Zuhause, stilvolle Bars, moderne Restaurants oder elegante Hotels \u2013 die Leuchten von TJIL DESIGN f\u00fcgen sich nahtlos in unterschiedlichste Interieurs ein und setzen dabei individuelle Akzente.<\/span>\r\n<p class=\"p3\"><span style=\"font-size: 20px;\">Individuelle Anfertigungen sind auch in gr\u00f6\u00dferen Mengen realisierbar \u2013 hierbei bleibt jede Leuchte ein handgefertigtes Unikat.<\/span><\/p>\r\n\u00ad\r\n\r\n<span style=\"font-size: 20px;\">Dank Schalter &amp; Stecker ist nur ein st\u00e4rkerer Nagel n\u00f6tig sie zu h\u00e4ngen.<\/span>\r\n\r\n<span style=\"font-size: 20px;\">MELAPUS hat eine Gr\u00f6\u00dfe von 32x16cm und ist aus feinscharmotierten grauen Ton get\u00f6pfert.<\/span>","protected":false},"excerpt":{"rendered":"<h3>KUNST MIT SCHEIN.<\/h3>\n","protected":false},"featured_media":471,"template":"","meta":[],"product_brand":[21],"product_cat":[18],"product_tag":[],"class_list":{"0":"post-407","1":"product","2":"type-product","3":"status-publish","4":"has-post-thumbnail","6":"product_brand-tjil-design-studio","7":"product_cat-ceramic","9":"first","10":"outofstock","11":"sold-individually","12":"taxable","13":"shipping-taxable","14":"purchasable","15":"product-type-simple"},"grid":"{\r\n  \"colCount\": 12,\r\n  \"colGutter\": 1,\r\n  \"rowGutters\": [],\r\n  \"frameMargin\": 5,\r\n  \"leftFrameMargin\": 5,\r\n  \"rightFrameMargin\": 5,\r\n  \"topFrameMargin\": 40,\r\n  \"mus\": {\r\n    \"colGutterMu\": \"%\",\r\n    \"rowGutterMu\": \"%\",\r\n    \"topFrameMu\": \"px\",\r\n    \"bottomFrameMu\": \"%\",\r\n    \"frameMu\": \"%\"\r\n  },\r\n  \"bottomFrameMargin\": 5,\r\n  \"rowAttrs\": [\r\n    {\r\n      \"relid\": 1\r\n    }\r\n  ],\r\n  \"bgColor\": null,\r\n  \"bgImage\": null,\r\n  \"cont\": []\r\n}","phonegrid":"","_links":{"self":[{"href":"https:\/\/tjil-design-studio.com\/en\/wp-json\/wp\/v2\/product\/407","targetHints":{"allow":["GET"]}}],"collection":[{"href":"https:\/\/tjil-design-studio.com\/en\/wp-json\/wp\/v2\/product"}],"about":[{"href":"https:\/\/tjil-design-studio.com\/en\/wp-json\/wp\/v2\/types\/product"}],"wp:featuredmedia":[{"embeddable":true,"href":"https:\/\/tjil-design-studio.com\/en\/wp-json\/wp\/v2\/media\/471"}],"wp:attachment":[{"href":"https:\/\/tjil-design-studio.com\/en\/wp-json\/wp\/v2\/media?parent=407"}],"wp:term":[{"taxonomy":"product_brand","embeddable":true,"href":"https:\/\/tjil-design-studio.com\/en\/wp-json\/wp\/v2\/product_brand?post=407"},{"taxonomy":"product_cat","embeddable":true,"href":"https:\/\/tjil-design-studio.com\/en\/wp-json\/wp\/v2\/product_cat?post=407"},{"taxonomy":"product_tag","embeddable":true,"href":"https:\/\/tjil-design-studio.com\/en\/wp-json\/wp\/v2\/product_tag?post=407"}],"curies":[{"name":"wp","href":"https:\/\/api.w.org\/{rel}","templated":true}]}}